{"id":264,"date":"2024-04-04T11:21:08","date_gmt":"2024-04-04T11:21:08","guid":{"rendered":"https:\/\/miraqls.fuw.edu.pl\/?page_id=264"},"modified":"2024-06-06T11:33:17","modified_gmt":"2024-06-06T11:33:17","slug":"home","status":"publish","type":"page","link":"https:\/\/miraqls.fuw.edu.pl\/","title":{"rendered":"Home"},"content":{"rendered":"\n<div class=\"wp-block-columns is-layout-flex wp-container-core-columns-is-layout-9d6595d7 wp-block-columns-is-layout-flex\">\n<div class=\"wp-block-column is-layout-flow wp-block-column-is-layout-flow\">\n<p class=\"has-large-font-size\"><strong>Time till start of the School:<\/strong><\/p>\n\n\n\n<iframe loading=\"lazy\" src=\"https:\/\/free.timeanddate.com\/countdown\/i9boyctl\/n262\/cf100\/cm0\/cu4\/ct0\/cs1\/ca0\/co0\/cr0\/ss0\/cac000\/cpc000\/pct\/tc66c\/fs200\/szw320\/szh135\/iso2024-06-23T16:00:00\" allowtransparency=\"true\" frameborder=\"0\" width=\"320\" height=\"135\"><\/iframe>\n<\/div>\n<\/div>\n\n\n\n<p class=\"has-large-font-size\"><strong>Speakers:<\/strong><\/p>\n\n\n\n<div class=\"tmm tmm_speakers-short\"><div class=\"tmm_3_columns tmm_wrap tmm_plugin_f\"><span class=\"tmm_two_containers_tablet\"><\/span><div class=\"tmm_container\"><div class=\"tmm_member\" style=\"border-top:#333333 solid 5px;\"><a target=\"_blank\" rel=\"noopener noreferrer\" href=\"https:\/\/research.physics.illinois.edu\/qi\/photonics\/\" title=\"Paul  Kwiat\"><div class=\"tmm_photo tmm_pic_speakers-short_0\" style=\"background: url(http:\/\/miraqls.fuw.edu.pl\/wp-content\/uploads\/2024\/02\/kwiat.png); margin-left: auto; margin-right:auto; background-size:cover !important;\"><\/div><\/a><div class=\"tmm_textblock\"><div class=\"tmm_names\"><span class=\"tmm_fname\">Paul <\/span> <span class=\"tmm_lname\">Kwiat<\/span><\/div><div class=\"tmm_job\">University of Illinois at Urbana-Champaign, USA<\/div><div class=\"tmm_scblock\"><\/div><\/div><\/div><div class=\"tmm_member\" style=\"border-top:#333333 solid 5px;\"><a target=\"_blank\" rel=\"noopener noreferrer\" href=\"https:\/\/mukamel.ps.uci.edu\/\" title=\"Shaul  Mukamel\"><div class=\"tmm_photo tmm_pic_speakers-short_1\" style=\"background: url(http:\/\/miraqls.fuw.edu.pl\/wp-content\/uploads\/2024\/02\/Shaul2.jpg); margin-left: auto; margin-right:auto; background-size:cover !important;\"><\/div><\/a><div class=\"tmm_textblock\"><div class=\"tmm_names\"><span class=\"tmm_fname\">Shaul <\/span> <span class=\"tmm_lname\">Mukamel<\/span><\/div><div class=\"tmm_job\">University of California, Irvine, USA<\/div><div class=\"tmm_scblock\"><\/div><\/div><\/div><span class=\"tmm_two_containers_tablet\"><\/span><div class=\"tmm_member\" style=\"border-top:#333333 solid 5px;\"><a target=\"_blank\" rel=\"noopener noreferrer\" href=\"https:\/\/pqilab.com\/elementor-1352\/\" title=\"Ian  Walmsley\"><div class=\"tmm_photo tmm_pic_speakers-short_2\" style=\"background: url(http:\/\/miraqls.fuw.edu.pl\/wp-content\/uploads\/2024\/02\/Ian.jpeg); margin-left: auto; margin-right:auto; background-size:cover !important;\"><\/div><\/a><div class=\"tmm_textblock\"><div class=\"tmm_names\"><span class=\"tmm_fname\">Ian <\/span> <span class=\"tmm_lname\">Walmsley<\/span><\/div><div class=\"tmm_job\">Imperial College London, UK<\/div><div class=\"tmm_scblock\"><\/div><\/div><\/div><\/div><span class=\"tmm_columns_containers_desktop\"><\/span><div class=\"tmm_container\"><div class=\"tmm_member\" style=\"border-top:#333333 solid 5px;\"><a target=\"_blank\" rel=\"noopener noreferrer\" href=\"https:\/\/www.qnp.aphys.kth.se\/\" title=\"Val  Zwiller\"><div class=\"tmm_photo tmm_pic_speakers-short_3\" style=\"background: url(http:\/\/miraqls.fuw.edu.pl\/wp-content\/uploads\/2024\/02\/val.jpg); margin-left: auto; margin-right:auto; background-size:cover !important;\"><\/div><\/a><div class=\"tmm_textblock\"><div class=\"tmm_names\"><span class=\"tmm_fname\">Val<\/span> <span class=\"tmm_lname\"> Zwiller<\/span><\/div><div class=\"tmm_job\">KTH Royal Institute of Technology, Sweden<\/div><div class=\"tmm_scblock\"><\/div><\/div><\/div><span class=\"tmm_two_containers_tablet\"><\/span><div class=\"tmm_member\" style=\"border-top:#333333 solid 5px;\"><a target=\"_blank\" rel=\"noopener noreferrer\" href=\"https:\/\/www.nature.com\/natrevmats\/editors\" title=\"Charlotte  Allard\"><div class=\"tmm_photo tmm_pic_speakers-short_4\" style=\"background: url(http:\/\/miraqls.fuw.edu.pl\/wp-content\/uploads\/2024\/02\/nature.jpeg); margin-left: auto; margin-right:auto; background-size:cover !important;\"><\/div><\/a><div class=\"tmm_textblock\"><div class=\"tmm_names\"><span class=\"tmm_fname\">Charlotte <\/span> <span class=\"tmm_lname\">Allard<\/span><\/div><div class=\"tmm_job\">Springer Nature, UK<\/div><div class=\"tmm_scblock\"><\/div><\/div><\/div><div class=\"tmm_member\" style=\"border-top:#333333 solid 5px;\"><a target=\"_blank\" rel=\"noopener noreferrer\" href=\"https:\/\/scholar.google.com\/citations?user=93jCjUgAAAAJ&#038;hl=en\" title=\"Ileana-Cristina Benea-Chelmus\"><div class=\"tmm_photo tmm_pic_speakers-short_5\" style=\"background: url(http:\/\/miraqls.fuw.edu.pl\/wp-content\/uploads\/2024\/02\/cristina.jpg); margin-left: auto; margin-right:auto; background-size:cover !important;\"><\/div><\/a><div class=\"tmm_textblock\"><div class=\"tmm_names\"><span class=\"tmm_fname\">Ileana-Cristina<\/span> <span class=\"tmm_lname\">Benea-Chelmus<\/span><\/div><div class=\"tmm_job\">\u00c9cole Polytechnique F\u00e9d\u00e9rale de Lausanne, Switzerland<\/div><div class=\"tmm_scblock\"><\/div><\/div><\/div><span class=\"tmm_two_containers_tablet\"><\/span><\/div><span class=\"tmm_columns_containers_desktop\"><\/span><div class=\"tmm_container\"><div class=\"tmm_member\" style=\"border-top:#333333 solid 5px;\"><a target=\"_blank\" rel=\"noopener noreferrer\" href=\"https:\/\/aggiebranczyk.com\/\" title=\"Aggie Branczyk\"><div class=\"tmm_photo tmm_pic_speakers-short_6\" style=\"background: url(http:\/\/miraqls.fuw.edu.pl\/wp-content\/uploads\/2024\/02\/aggie.jpeg); margin-left: auto; margin-right:auto; background-size:cover !important;\"><\/div><\/a><div class=\"tmm_textblock\"><div class=\"tmm_names\"><span class=\"tmm_fname\">Aggie<\/span> <span class=\"tmm_lname\">Branczyk<\/span><\/div><div class=\"tmm_job\">Academics in the Wild, Canada<\/div><div class=\"tmm_scblock\"><\/div><\/div><\/div><div class=\"tmm_member\" style=\"border-top:#333333 solid 5px;\"><a target=\"_blank\" rel=\"noopener noreferrer\" href=\"https:\/\/warwick.ac.uk\/fac\/sci\/physics\/research\/theory\/research\/qinfo\/\" title=\"Animesh Datta\"><div class=\"tmm_photo tmm_pic_speakers-short_7\" style=\"background: url(http:\/\/miraqls.fuw.edu.pl\/wp-content\/uploads\/2024\/02\/head-123-scaled.jpg); margin-left: auto; margin-right:auto; background-size:cover !important;\"><\/div><\/a><div class=\"tmm_textblock\"><div class=\"tmm_names\"><span class=\"tmm_fname\">Animesh<\/span> <span class=\"tmm_lname\">Datta<\/span><\/div><div class=\"tmm_job\">University of Warwick, UK<\/div><div class=\"tmm_scblock\"><\/div><\/div><\/div><span class=\"tmm_two_containers_tablet\"><\/span><div class=\"tmm_member\" style=\"border-top:#333333 solid 5px;\"><a target=\"_blank\" rel=\"noopener noreferrer\" href=\"https:\/\/www.fuw.edu.pl\/~demko\/\" title=\"Rafa\u0142  Demkowicz-Dobrza\u0144ski\"><div class=\"tmm_photo tmm_pic_speakers-short_8\" style=\"background: url(http:\/\/miraqls.fuw.edu.pl\/wp-content\/uploads\/2024\/02\/Rfal.jpeg); margin-left: auto; margin-right:auto; background-size:cover !important;\"><\/div><\/a><div class=\"tmm_textblock\"><div class=\"tmm_names\"><span class=\"tmm_fname\">Rafa\u0142 <\/span> <span class=\"tmm_lname\">Demkowicz-Dobrza\u0144ski<\/span><\/div><div class=\"tmm_job\">University of Warsaw, Poland<\/div><div class=\"tmm_scblock\"><\/div><\/div><\/div><\/div><span class=\"tmm_columns_containers_desktop\"><\/span><div class=\"tmm_container\"><div class=\"tmm_member\" style=\"border-top:#333333 solid 5px;\"><div class=\"tmm_photo tmm_pic_speakers-short_9\" style=\"background: url(http:\/\/miraqls.fuw.edu.pl\/wp-content\/uploads\/2024\/04\/WK-Foto_PRO_klein.jpg); margin-left: auto; margin-right:auto; background-size:cover !important;\"><\/div><div class=\"tmm_textblock\"><div class=\"tmm_names\"><span class=\"tmm_fname\">Wilhelm<\/span> <span class=\"tmm_lname\">Kaenders<\/span><\/div><div class=\"tmm_job\">TOPTICA Photonics, Germany<\/div><div class=\"tmm_scblock\"><\/div><\/div><\/div><span class=\"tmm_two_containers_tablet\"><\/span><div class=\"tmm_member\" style=\"border-top:#333333 solid 5px;\"><a target=\"_blank\" rel=\"noopener noreferrer\" href=\"http:\/\/www.light-matter.ca\/\" title=\"St\u00e9phane K\u00e9na-Cohen\"><div class=\"tmm_photo tmm_pic_speakers-short_10\" style=\"background: url(http:\/\/miraqls.fuw.edu.pl\/wp-content\/uploads\/2024\/04\/Stephane.jpg); margin-left: auto; margin-right:auto; background-size:cover !important;\"><\/div><\/a><div class=\"tmm_textblock\"><div class=\"tmm_names\"><span class=\"tmm_fname\">St\u00e9phane<\/span> <span class=\"tmm_lname\">K\u00e9na-Cohen<\/span><\/div><div class=\"tmm_job\">Polytechnique Montr\u00e9al, Canada<\/div><div class=\"tmm_scblock\"><\/div><\/div><\/div><div class=\"tmm_member\" style=\"border-top:#333333 solid 5px;\"><a target=\"_blank\" rel=\"noopener noreferrer\" href=\"https:\/\/en.unimib.it\/fabio-pezzoli\" title=\"Fabio Pezzoli\"><div class=\"tmm_photo tmm_pic_speakers-short_11\" style=\"background: url(http:\/\/miraqls.fuw.edu.pl\/wp-content\/uploads\/2024\/02\/Fabio-2-scaled.jpg); margin-left: auto; margin-right:auto; background-size:cover !important;\"><\/div><\/a><div class=\"tmm_textblock\"><div class=\"tmm_names\"><span class=\"tmm_fname\">Fabio<\/span> <span class=\"tmm_lname\">Pezzoli<\/span><\/div><div class=\"tmm_job\">University of Milano-Bicocca, Italy<\/div><div class=\"tmm_scblock\"><\/div><\/div><\/div><span class=\"tmm_two_containers_tablet\"><\/span><\/div><span class=\"tmm_columns_containers_desktop\"><\/span><div class=\"tmm_container\"><div class=\"tmm_member\" style=\"border-top:#333333 solid 5px;\"><div class=\"tmm_photo tmm_pic_speakers-short_12\" style=\"background: url(http:\/\/miraqls.fuw.edu.pl\/wp-content\/uploads\/2024\/04\/JFaist.jpeg); margin-left: auto; margin-right:auto; background-size:cover !important;\"><\/div><div class=\"tmm_textblock\"><div class=\"tmm_names\"><span class=\"tmm_fname\">J\u00e9r\u00f4me<\/span> <span class=\"tmm_lname\">Faist<\/span><\/div><div class=\"tmm_job\">ETH Zurich, Switzerland<\/div><div class=\"tmm_scblock\"><\/div><\/div><\/div><div class=\"tmm_member\" style=\"border-top:#333333 solid 5px;\"><div class=\"tmm_photo tmm_pic_speakers-short_13\" style=\"background: url(http:\/\/miraqls.fuw.edu.pl\/wp-content\/uploads\/2024\/02\/my_photo.jpg); margin-left: auto; margin-right:auto; background-size:cover !important;\"><\/div><div class=\"tmm_textblock\"><div class=\"tmm_names\"><span class=\"tmm_fname\">Andrey<\/span> <span class=\"tmm_lname\">Moskalenko<\/span><\/div><div class=\"tmm_job\">KAIST, Republic of Korea<\/div><div class=\"tmm_scblock\"><\/div><\/div><\/div><span class=\"tmm_two_containers_tablet\"><\/span><div class=\"tmm_member\" style=\"border-top:#333333 solid 5px;\"><div class=\"tmm_photo tmm_pic_speakers-short_14\" style=\"background: url(http:\/\/miraqls.fuw.edu.pl\/wp-content\/uploads\/2024\/02\/OMoutanabbir.jpg); margin-left: auto; margin-right:auto; background-size:cover !important;\"><\/div><div class=\"tmm_textblock\"><div class=\"tmm_names\"><span class=\"tmm_fname\">Oussama<\/span> <span class=\"tmm_lname\">Moutanabbir<\/span><\/div><div class=\"tmm_job\">Polytechnique Montr\u00e9al, Canada<\/div><div class=\"tmm_scblock\"><\/div><\/div><\/div><div style=\"clear:both;\"><\/div><\/div><\/div><\/div>\n\n\n\n<p class=\"has-large-font-size\"><strong>Organizers:<\/strong><\/p>\n\n\n\n<div class=\"tmm tmm_organizer-short\"><div class=\"tmm_3_columns tmm_wrap tmm_plugin_f\"><span class=\"tmm_two_containers_tablet\"><\/span><div class=\"tmm_container\"><div class=\"tmm_member\" style=\"border-top:#333333 solid 5px;\"><div class=\"tmm_photo tmm_pic_organizer-short_0\" style=\"background: url(http:\/\/miraqls.fuw.edu.pl\/wp-content\/uploads\/2024\/02\/Karpinski_headshot.jpg); margin-left: auto; margin-right:auto; background-size:cover !important;\"><\/div><div class=\"tmm_textblock\"><div class=\"tmm_names\"><span class=\"tmm_fname\">Micha\u0142<\/span> <span class=\"tmm_lname\">Karpi\u0144ski<\/span><\/div><div class=\"tmm_job\">University of Warsaw, Poland<\/div><div class=\"tmm_scblock\"><\/div><\/div><\/div><div class=\"tmm_member\" style=\"border-top:#333333 solid 5px;\"><div class=\"tmm_photo tmm_pic_organizer-short_1\" style=\"background: url(http:\/\/miraqls.fuw.edu.pl\/wp-content\/uploads\/2024\/06\/DenisSeletskiy.jpg); margin-left: auto; margin-right:auto; background-size:cover !important;\"><\/div><div class=\"tmm_textblock\"><div class=\"tmm_names\"><span class=\"tmm_fname\">Denis<\/span> <span class=\"tmm_lname\">Seletskiy <\/span><\/div><div class=\"tmm_job\">Polytechnique Montr\u00e9al, Canada<\/div><div class=\"tmm_scblock\"><\/div><\/div><\/div><div style=\"clear:both;\"><\/div><\/div><\/div><\/div>\n","protected":false},"excerpt":{"rendered":"<p>Time till start of the School: Speakers: Organizers:<\/p>\n","protected":false},"author":3,"featured_media":0,"parent":0,"menu_order":0,"comment_status":"closed","ping_status":"closed","template":"","meta":{"footnotes":""},"class_list":["post-264","page","type-page","status-publish","hentry"],"_links":{"self":[{"href":"https:\/\/miraqls.fuw.edu.pl\/index.php\/wp-json\/wp\/v2\/pages\/264","targetHints":{"allow":["GET"]}}],"collection":[{"href":"https:\/\/miraqls.fuw.edu.pl\/index.php\/wp-json\/wp\/v2\/pages"}],"about":[{"href":"https:\/\/miraqls.fuw.edu.pl\/index.php\/wp-json\/wp\/v2\/types\/page"}],"author":[{"embeddable":true,"href":"https:\/\/miraqls.fuw.edu.pl\/index.php\/wp-json\/wp\/v2\/users\/3"}],"replies":[{"embeddable":true,"href":"https:\/\/miraqls.fuw.edu.pl\/index.php\/wp-json\/wp\/v2\/comments?post=264"}],"version-history":[{"count":23,"href":"https:\/\/miraqls.fuw.edu.pl\/index.php\/wp-json\/wp\/v2\/pages\/264\/revisions"}],"predecessor-version":[{"id":511,"href":"https:\/\/miraqls.fuw.edu.pl\/index.php\/wp-json\/wp\/v2\/pages\/264\/revisions\/511"}],"wp:attachment":[{"href":"https:\/\/miraqls.fuw.edu.pl\/index.php\/wp-json\/wp\/v2\/media?parent=264"}],"curies":[{"name":"wp","href":"https:\/\/api.w.org\/{rel}","templated":true}]}}